{"id":190,"date":"2026-02-22T23:34:14","date_gmt":"2026-02-22T20:34:14","guid":{"rendered":"https:\/\/tayfun.cc\/saat\/?page_id=190"},"modified":"2026-02-22T23:37:00","modified_gmt":"2026-02-22T20:37:00","slug":"etiketler","status":"publish","type":"page","link":"https:\/\/tayfun.cc\/saat\/etiketler\/","title":{"rendered":"Etiketler"},"content":{"rendered":"<p class=\"wp-block-tag-cloud\"><a href=\"https:\/\/tayfun.cc\/saat\/tag\/alarm\/\" class=\"tag-cloud-link tag-link-12 tag-link-position-1\" style=\"font-size: 16.4pt;\" aria-label=\"alarm (2 \u00f6ge)\">alarm<\/a>\n<a href=\"https:\/\/tayfun.cc\/saat\/tag\/casio\/\" class=\"tag-cloud-link tag-link-10 tag-link-position-2\" style=\"font-size: 8pt;\" aria-label=\"casio (1 \u00f6ge)\">casio<\/a>\n<a href=\"https:\/\/tayfun.cc\/saat\/tag\/dijital\/\" class=\"tag-cloud-link tag-link-8 tag-link-position-3\" style=\"font-size: 22pt;\" aria-label=\"dijital (3 \u00f6ge)\">dijital<\/a>\n<a href=\"https:\/\/tayfun.cc\/saat\/tag\/gun\/\" class=\"tag-cloud-link tag-link-13 tag-link-position-4\" style=\"font-size: 16.4pt;\" aria-label=\"g\u00fcn (2 \u00f6ge)\">g\u00fcn<\/a>\n<a href=\"https:\/\/tayfun.cc\/saat\/tag\/hesap-makinesi\/\" class=\"tag-cloud-link tag-link-16 tag-link-position-5\" style=\"font-size: 8pt;\" aria-label=\"hesap makinesi (1 \u00f6ge)\">hesap makinesi<\/a>\n<a href=\"https:\/\/tayfun.cc\/saat\/tag\/kronometre\/\" class=\"tag-cloud-link tag-link-15 tag-link-position-6\" style=\"font-size: 16.4pt;\" aria-label=\"kronometre (2 \u00f6ge)\">kronometre<\/a>\n<a href=\"https:\/\/tayfun.cc\/saat\/tag\/tarih\/\" class=\"tag-cloud-link tag-link-14 tag-link-position-7\" style=\"font-size: 16.4pt;\" aria-label=\"tarih (2 \u00f6ge)\">tarih<\/a>\n<a href=\"https:\/\/tayfun.cc\/saat\/tag\/isik\/\" class=\"tag-cloud-link tag-link-11 tag-link-position-8\" style=\"font-size: 8pt;\" aria-label=\"\u0131\u015f\u0131k (1 \u00f6ge)\">\u0131\u015f\u0131k<\/a><\/p>","protected":false},"excerpt":{"rendered":"","protected":false},"author":1,"featured_media":0,"parent":0,"menu_order":0,"comment_status":"closed","ping_status":"closed","template":"","meta":{"_et_pb_use_builder":"off","_et_pb_old_content":"","_et_gb_content_width":"1080","footnotes":""},"class_list":["post-190","page","type-page","status-publish","hentry"],"_links":{"self":[{"href":"https:\/\/tayfun.cc\/saat\/wp-json\/wp\/v2\/pages\/190"}],"collection":[{"href":"https:\/\/tayfun.cc\/saat\/wp-json\/wp\/v2\/pages"}],"about":[{"href":"https:\/\/tayfun.cc\/saat\/wp-json\/wp\/v2\/types\/page"}],"author":[{"embeddable":true,"href":"https:\/\/tayfun.cc\/saat\/wp-json\/wp\/v2\/users\/1"}],"replies":[{"embeddable":true,"href":"https:\/\/tayfun.cc\/saat\/wp-json\/wp\/v2\/comments?post=190"}],"version-history":[{"count":2,"href":"https:\/\/tayfun.cc\/saat\/wp-json\/wp\/v2\/pages\/190\/revisions"}],"predecessor-version":[{"id":192,"href":"https:\/\/tayfun.cc\/saat\/wp-json\/wp\/v2\/pages\/190\/revisions\/192"}],"wp:attachment":[{"href":"https:\/\/tayfun.cc\/saat\/wp-json\/wp\/v2\/media?parent=190"}],"curies":[{"name":"wp","href":"https:\/\/api.w.org\/{rel}","templated":true}]}}